{"id":39,"date":"2025-06-16T09:35:48","date_gmt":"2025-06-16T07:35:48","guid":{"rendered":"http:\/\/proves4.infouniodigital.es\/?page_id=39"},"modified":"2025-07-16T08:18:03","modified_gmt":"2025-07-16T08:18:03","slug":"servicios","status":"publish","type":"page","link":"https:\/\/www.ursulamasprocuradora.com\/ca\/servicios\/","title":{"rendered":"Serveis"},"content":{"rendered":"<div class=\"wp-block-uagb-container uagb-block-4152ca3a alignfull uagb-is-root-container\"><div class=\"uagb-container-inner-blocks-wrap\">\n<div class=\"wp-block-uagb-advanced-heading uagb-block-29307557\"><h1 class=\"uagb-heading-text\">Serveis<\/h1><\/div>\n\n\n\n<p class=\"has-ast-global-color-4-color has-text-color has-link-color wp-elements-d4c46ddaac5ae9c9bc5ff75ae33a902e\" style=\"margin-right:0;padding-right:0px\">Representaci\u00f3 dels teus interessos processals davant de tribunals, gestionant amb responsabilitat tots els tr\u00e0mits legals. Assumeixo els tr\u00e0mits judicials i gestions davant d'organismes p\u00fablics, garantint un seguiment puntual i efica\u00e7 del teu cas.<\/p>\n<\/div><\/div>\n\n\n\n<div class=\"wp-block-uagb-container uagb-block-57d1e390 alignfull uagb-is-root-container\"><div class=\"uagb-container-inner-blocks-wrap\">\n<div class=\"wp-block-uagb-advanced-heading uagb-block-c960c0b3\"><p class=\"uagb-desc-text\"><strong>ELS MEUS SERVEIS<\/strong><\/p><h2 class=\"uagb-heading-text\">Serveis de procuradoria que ofereixo<\/h2><\/div>\n\n\n\n<div class=\"wp-block-uagb-container uagb-block-9dfa4ee5\">\n<div class=\"wp-block-uagb-container uagb-block-14e340a7\">\n<div class=\"wp-block-uagb-image alignleft uagb-block-9a2e0748 wp-block-uagb-image--layout-default wp-block-uagb-image--effect-static wp-block-uagb-image--align-left\"><figure class=\"wp-block-uagb-image__figure\"><img decoding=\"async\" srcset=\"https:\/\/www.ursulamasprocuradora.com\/wp-content\/uploads\/2025\/07\/agenda.png ,https:\/\/www.ursulamasprocuradora.com\/wp-content\/uploads\/2025\/07\/agenda.png 780w, https:\/\/www.ursulamasprocuradora.com\/wp-content\/uploads\/2025\/07\/agenda.png 360w\" sizes=\"auto, (max-width: 480px) 150px\" src=\"https:\/\/www.ursulamasprocuradora.com\/wp-content\/uploads\/2025\/07\/agenda.png\" alt=\"\" class=\"uag-image-101\" width=\"512\" height=\"512\" title=\"agenda\" loading=\"lazy\" role=\"img\"\/><\/figure><\/div>\n<\/div>\n\n\n\n<h2 class=\"wp-block-heading has-link-color-color has-text-color has-link-color wp-elements-ec6733288911f571f82254e2edc34536\" style=\"margin-top:0px;margin-bottom:0px;font-size:18px;font-style:normal;font-weight:600\">Dilig\u00e8ncia d'exhorts, oficis i manaments<\/h2>\n\n\n\n<p class=\"has-ast-global-color-3-color has-text-color has-link-color wp-elements-527beb6b08a77bef7ebffff42b4b2a38\" style=\"margin-top:5px;margin-bottom:10px;font-size:16px\">M'encarrego de tramitar i gestionar amb agilitat els documents judicials dirigits a altres jutjats o organismes, com ara exhorts, oficis i manaments, assegurant-ne la presentaci\u00f3, recepci\u00f3 i compliment efectiu.<\/p>\n<\/div>\n\n\n\n<div class=\"wp-block-uagb-container uagb-block-6c4d346f\">\n<div class=\"wp-block-uagb-container uagb-block-b8880bde\">\n<div class=\"wp-block-uagb-image alignleft uagb-block-8e4c9b6d wp-block-uagb-image--layout-default wp-block-uagb-image--effect-static wp-block-uagb-image--align-left\"><figure class=\"wp-block-uagb-image__figure\"><img decoding=\"async\" srcset=\"https:\/\/www.ursulamasprocuradora.com\/wp-content\/uploads\/2025\/07\/book.png ,https:\/\/www.ursulamasprocuradora.com\/wp-content\/uploads\/2025\/07\/book.png 780w, https:\/\/www.ursulamasprocuradora.com\/wp-content\/uploads\/2025\/07\/book.png 360w\" sizes=\"auto, (max-width: 480px) 150px\" src=\"https:\/\/www.ursulamasprocuradora.com\/wp-content\/uploads\/2025\/07\/book.png\" alt=\"\" class=\"uag-image-102\" width=\"512\" height=\"512\" title=\"book\" loading=\"lazy\" role=\"img\"\/><\/figure><\/div>\n<\/div>\n\n\n\n<h2 class=\"wp-block-heading has-link-color-color has-text-color has-link-color wp-elements-202f2473e270cf9ab93d5fc5a858d75a\" style=\"margin-top:0px;margin-bottom:0px;font-size:18px;font-style:normal;font-weight:600\">Empla\u00e7ament directe al demandat<\/h2>\n\n\n\n<p class=\"has-ast-global-color-3-color has-text-color has-link-color wp-elements-e75e4a231b9b9a625bd7ada5947c7acb\" style=\"margin-top:5px;margin-bottom:10px;font-size:16px\">Realitzo de forma personal i conforme a la legalitat l'empla\u00e7ament o notificaci\u00f3 directa al demandat, garantint que rebi la documentaci\u00f3 judicial en temps i forma.<\/p>\n<\/div>\n\n\n\n<div class=\"wp-block-uagb-container uagb-block-926a2dba\">\n<div class=\"wp-block-uagb-container uagb-block-05af6712\">\n<div class=\"wp-block-uagb-image alignleft uagb-block-3d3f1274 wp-block-uagb-image--layout-default wp-block-uagb-image--effect-static wp-block-uagb-image--align-left\"><figure class=\"wp-block-uagb-image__figure\"><img decoding=\"async\" srcset=\"https:\/\/www.ursulamasprocuradora.com\/wp-content\/uploads\/2025\/07\/phone.png ,https:\/\/www.ursulamasprocuradora.com\/wp-content\/uploads\/2025\/07\/phone.png 780w, https:\/\/www.ursulamasprocuradora.com\/wp-content\/uploads\/2025\/07\/phone.png 360w\" sizes=\"auto, (max-width: 480px) 150px\" src=\"https:\/\/www.ursulamasprocuradora.com\/wp-content\/uploads\/2025\/07\/phone.png\" alt=\"\" class=\"uag-image-103\" width=\"512\" height=\"512\" title=\"phone\" loading=\"lazy\" role=\"img\"\/><\/figure><\/div>\n<\/div>\n\n\n\n<h2 class=\"wp-block-heading has-link-color-color has-text-color has-link-color wp-elements-bc716ae425c02393a36e81eb3168307b\" style=\"margin-top:0px;margin-bottom:0px;font-size:18px;font-style:normal;font-weight:600\">Control d'assenyalaments i terminis de tots els assumptes<\/h2>\n\n\n\n<p class=\"has-ast-global-color-3-color has-text-color has-link-color wp-elements-15216ada2b6c586a4093fbd84abf5da5\" style=\"margin-top:5px;margin-bottom:10px;font-size:16px\">Porto un control rigor\u00f3s i actualitzat de totes les dates rellevants del procediment: assenyalaments de vistes, venciments de terminis, requeriments judicials o qualsevol actuaci\u00f3 processal.<\/p>\n<\/div>\n\n\n\n<div class=\"wp-block-uagb-container uagb-block-0e0bdf79\">\n<div class=\"wp-block-uagb-container uagb-block-0651d86c\">\n<div class=\"wp-block-uagb-image alignleft uagb-block-f0deba77 wp-block-uagb-image--layout-default wp-block-uagb-image--effect-static wp-block-uagb-image--align-left\"><figure class=\"wp-block-uagb-image__figure\"><img decoding=\"async\" srcset=\"https:\/\/www.ursulamasprocuradora.com\/wp-content\/uploads\/2025\/07\/users.png ,https:\/\/www.ursulamasprocuradora.com\/wp-content\/uploads\/2025\/07\/users.png 780w, https:\/\/www.ursulamasprocuradora.com\/wp-content\/uploads\/2025\/07\/users.png 360w\" sizes=\"auto, (max-width: 480px) 150px\" src=\"https:\/\/www.ursulamasprocuradora.com\/wp-content\/uploads\/2025\/07\/users.png\" alt=\"\" class=\"uag-image-104\" width=\"512\" height=\"512\" title=\"users\" loading=\"lazy\" role=\"img\"\/><\/figure><\/div>\n<\/div>\n\n\n\n<h2 class=\"wp-block-heading has-link-color-color has-text-color has-link-color wp-elements-5bc1d45ad9bd0936323742982993ddd3\" style=\"margin-top:0px;margin-bottom:0px;font-size:18px;font-style:normal;font-weight:600\">Gestions davant organismes p\u00fablics<\/h2>\n\n\n\n<p class=\"has-ast-global-color-3-color has-text-color has-link-color wp-elements-aa9d0ea8aa17139ee00758e6f74be08b\" style=\"margin-top:5px;margin-bottom:10px;font-size:16px\">Realizo todo tipo de gestiones y solicitudes de informaci\u00f3n ante administraciones p\u00fablicas, tanto a nivel local como auton\u00f3mico, incluyendo la tramitaci\u00f3n de certificados, escritos, obtenci\u00f3n de documentaci\u00f3n y consultas registrales.<\/p>\n<\/div>\n<\/div><\/div>","protected":false},"excerpt":{"rendered":"<p>Servicios Representaci\u00f3n de tus intereses procesales ante tribunales, gestionando con responsabilidad todos los tr\u00e1mites legales. Asumo los tr\u00e1mites judiciales y [&hellip;]<\/p>","protected":false},"author":1,"featured_media":0,"parent":0,"menu_order":0,"comment_status":"closed","ping_status":"closed","template":"","meta":{"_uag_custom_page_level_css":"","site-sidebar-layout":"default","site-content-layout":"","ast-site-content-layout":"","site-content-style":"default","site-sidebar-style":"default","ast-global-header-display":"","ast-banner-title-visibility":"","ast-main-header-display":"","ast-hfb-above-header-display":"","ast-hfb-below-header-display":"","ast-hfb-mobile-header-display":"","site-post-title":"disabled","ast-breadcrumbs-content":"","ast-featured-img":"","footer-sml-layout":"","theme-transparent-header-meta":"enabled","adv-header-id-meta":"","stick-header-meta":"","header-above-stick-meta":"","header-main-stick-meta":"","header-below-stick-meta":"","astra-migrate-meta-layouts":"default","ast-page-background-enabled":"default","ast-page-background-meta":{"desktop":{"background-color":"var(--ast-global-color-5)","background-image":"","background-repeat":"repeat","background-position":"center center","background-size":"auto","background-attachment":"scroll","background-type":"","background-media":"","overlay-type":"","overlay-color":"","overlay-opacity":"","overlay-gradient":""},"tablet":{"background-color":"","background-image":"","background-repeat":"repeat","background-position":"center center","background-size":"auto","background-attachment":"scroll","background-type":"","background-media":"","overlay-type":"","overlay-color":"","overlay-opacity":"","overlay-gradient":""},"mobile":{"background-color":"","background-image":"","background-repeat":"repeat","background-position":"center center","background-size":"auto","background-attachment":"scroll","background-type":"","background-media":"","overlay-type":"","overlay-color":"","overlay-opacity":"","overlay-gradient":""}},"ast-content-background-meta":{"desktop":{"background-color":"var(--ast-global-color-4)","background-image":"","background-repeat":"repeat","background-position":"center center","background-size":"auto","background-attachment":"scroll","background-type":"","background-media":"","overlay-type":"","overlay-color":"","overlay-opacity":"","overlay-gradient":""},"tablet":{"background-color":"var(--ast-global-color-4)","background-image":"","background-repeat":"repeat","background-position":"center center","background-size":"auto","background-attachment":"scroll","background-type":"","background-media":"","overlay-type":"","overlay-color":"","overlay-opacity":"","overlay-gradient":""},"mobile":{"background-color":"var(--ast-global-color-4)","background-image":"","background-repeat":"repeat","background-position":"center center","background-size":"auto","background-attachment":"scroll","background-type":"","background-media":"","overlay-type":"","overlay-color":"","overlay-opacity":"","overlay-gradient":""}},"footnotes":""},"class_list":["post-39","page","type-page","status-publish","hentry"],"uagb_featured_image_src":{"full":false,"thumbnail":false,"medium":false,"medium_large":false,"large":false,"1536x1536":false,"2048x2048":false,"trp-custom-language-flag":false},"uagb_author_info":{"display_name":"infounio","author_link":"https:\/\/www.ursulamasprocuradora.com\/ca\/author\/infounio\/"},"uagb_comment_info":0,"uagb_excerpt":"Servicios Representaci\u00f3n de tus intereses procesales ante tribunales, gestionando con responsabilidad todos los tr\u00e1mites legales. Asumo los tr\u00e1mites judiciales y [&hellip;]","_links":{"self":[{"href":"https:\/\/www.ursulamasprocuradora.com\/ca\/wp-json\/wp\/v2\/pages\/39","targetHints":{"allow":["GET"]}}],"collection":[{"href":"https:\/\/www.ursulamasprocuradora.com\/ca\/wp-json\/wp\/v2\/pages"}],"about":[{"href":"https:\/\/www.ursulamasprocuradora.com\/ca\/wp-json\/wp\/v2\/types\/page"}],"author":[{"embeddable":true,"href":"https:\/\/www.ursulamasprocuradora.com\/ca\/wp-json\/wp\/v2\/users\/1"}],"replies":[{"embeddable":true,"href":"https:\/\/www.ursulamasprocuradora.com\/ca\/wp-json\/wp\/v2\/comments?post=39"}],"version-history":[{"count":1,"href":"https:\/\/www.ursulamasprocuradora.com\/ca\/wp-json\/wp\/v2\/pages\/39\/revisions"}],"predecessor-version":[{"id":105,"href":"https:\/\/www.ursulamasprocuradora.com\/ca\/wp-json\/wp\/v2\/pages\/39\/revisions\/105"}],"wp:attachment":[{"href":"https:\/\/www.ursulamasprocuradora.com\/ca\/wp-json\/wp\/v2\/media?parent=39"}],"curies":[{"name":"wp","href":"https:\/\/api.w.org\/{rel}","templated":true}]}}