{"id":8,"date":"2025-06-13T11:20:44","date_gmt":"2025-06-13T09:20:44","guid":{"rendered":"http:\/\/proves4.infouniodigital.es\/?page_id=2"},"modified":"2025-07-15T08:52:46","modified_gmt":"2025-07-15T08:52:46","slug":"pagina-ejemplo","status":"publish","type":"page","link":"https:\/\/www.ursulamasprocuradora.com\/ca\/","title":{"rendered":"Inici"},"content":{"rendered":"<div class=\"wp-block-uagb-container uagb-block-4152ca3a alignfull uagb-is-root-container\"><div class=\"uagb-container-inner-blocks-wrap\">\n<div class=\"wp-block-uagb-advanced-heading uagb-block-29307557\"><h1 class=\"uagb-heading-text\">\u00daRSULA MAS MONTOY<\/h1><\/div>\n<\/div><\/div>\n\n\n\n<div class=\"wp-block-uagb-container uagb-block-a481a58b alignfull uagb-is-root-container\"><div class=\"uagb-container-inner-blocks-wrap\">\n<div class=\"wp-block-uagb-container uagb-block-15baf45b\">\n<div class=\"wp-block-uagb-container uagb-block-bc8cd4c1\">\n<h2 class=\"wp-block-heading has-text-align-center\" style=\"margin-top:0;margin-right:0;margin-bottom:0;margin-left:0;font-size:16px\"><strong>PROCURADORA DELS TRIBUNALS DE LLEIDA<\/strong><\/h2>\n<\/div>\n\n\n\n<p style=\"margin-top:0;margin-bottom:0\">Procuradora dels Tribunals a Lleida, on exerceixo des de l'any 2016. Llicenciada en Dret per la Universitat de Lleida, promoci\u00f3 2014, i col\u00b7legiada n\u00fam. 112. Prest representaci\u00f3 processal davant els \u00f2rgans judicials, actuant com a enlla\u00e7 entre els professionals del Dret i els tribunals.<\/p>\n\n\n\n<p style=\"margin-top:0;margin-bottom:0\">La meva tasca no nom\u00e9s se centra en la representaci\u00f3 davant dels jutjats, sin\u00f3 tamb\u00e9 en la gesti\u00f3 integral del procediment judicial, des de la presentaci\u00f3 de la demanda fins a la finalitzaci\u00f3 del proc\u00e9s. Acompanyo cada assumpte amb rigor, dilig\u00e8ncia i comprom\u00eds, facilitant el bon desenvolupament del procediment i garantint el compliment dels terminis i els tr\u00e0mits processals.<\/p>\n<\/div>\n\n\n\n<div class=\"wp-block-uagb-container uagb-block-b9af4462\">\n<div class=\"wp-block-uagb-image aligncenter uagb-block-a59e6cc7 wp-block-uagb-image--layout-default wp-block-uagb-image--effect-static wp-block-uagb-image--align-center\"><figure class=\"wp-block-uagb-image__figure\"><img decoding=\"async\" srcset=\"https:\/\/www.ursulamasprocuradora.com\/wp-content\/uploads\/2025\/06\/IMG_0853-scaled-1-1024x878.png ,https:\/\/www.ursulamasprocuradora.com\/wp-content\/uploads\/2025\/06\/IMG_0853-scaled-1.png 780w, https:\/\/www.ursulamasprocuradora.com\/wp-content\/uploads\/2025\/06\/IMG_0853-scaled-1.png 360w\" sizes=\"auto, (max-width: 480px) 150px\" src=\"https:\/\/www.ursulamasprocuradora.com\/wp-content\/uploads\/2025\/06\/IMG_0853-scaled-1-1024x878.png\" alt=\"\" class=\"uag-image-15\" width=\"500\" height=\"400\" title=\"IMG_0853\" loading=\"lazy\" role=\"img\"\/><\/figure><\/div>\n<\/div>\n<\/div><\/div>\n\n\n\n<div class=\"wp-block-uagb-container uagb-block-7aaef000 alignfull uagb-is-root-container\"><div class=\"uagb-container-inner-blocks-wrap\">\n<div class=\"wp-block-uagb-container uagb-block-fb96835f\">\n<div class=\"wp-block-uagb-container uagb-block-8e638a1e\">\n<div class=\"wp-block-uagb-info-box uagb-block-95d5e1fb uagb-infobox__content-wrap  uagb-infobox-icon-above-title uagb-infobox-image-valign-top\"><div class=\"uagb-ifb-content\"><div class=\"uagb-ifb-icon-wrap\"><svg xmlns=\"https:\/\/www.w3.org\/2000\/svg\" viewbox=\"0 0 384 512\"><path d=\"M256 0v128h128L256 0zM224 128L224 0H48C21.49 0 0 21.49 0 48v416C0 490.5 21.49 512 48 512h288c26.51 0 48-21.49 48-48V160h-127.1C238.3 160 224 145.7 224 128zM272 416h-160C103.2 416 96 408.8 96 400C96 391.2 103.2 384 112 384h160c8.836 0 16 7.162 16 16C288 408.8 280.8 416 272 416zM272 352h-160C103.2 352 96 344.8 96 336C96 327.2 103.2 320 112 320h160c8.836 0 16 7.162 16 16C288 344.8 280.8 352 272 352zM288 272C288 280.8 280.8 288 272 288h-160C103.2 288 96 280.8 96 272C96 263.2 103.2 256 112 256h160C280.8 256 288 263.2 288 272z\"><\/path><\/svg><\/div><div class=\"uagb-ifb-title-wrap\"><h3 class=\"uagb-ifb-title\">Tramitacions de documents judicials<\/h3><\/div><\/div><\/div>\n<\/div>\n\n\n\n<div class=\"wp-block-uagb-container uagb-block-90e03755\">\n<div class=\"wp-block-uagb-info-box uagb-block-8802395e uagb-infobox__content-wrap  uagb-infobox-icon-above-title uagb-infobox-image-valign-top\"><div class=\"uagb-ifb-content\"><div class=\"uagb-ifb-icon-wrap\"><svg xmlns=\"https:\/\/www.w3.org\/2000\/svg\" viewbox=\"0 0 640 512\"><path d=\"M0 383.9l64 .0404c17.75 0 32-14.29 32-32.03V128.3L0 128.3V383.9zM48 320.1c8.75 0 16 7.118 16 15.99c0 8.742-7.25 15.99-16 15.99S32 344.8 32 336.1C32 327.2 39.25 320.1 48 320.1zM348.8 64c-7.941 0-15.66 2.969-21.52 8.328L228.9 162.3C228.8 162.5 228.8 162.7 228.6 162.7C212 178.3 212.3 203.2 226.5 218.7c12.75 13.1 39.38 17.62 56.13 2.75C282.8 221.3 282.9 221.3 283 221.2l79.88-73.1c6.5-5.871 16.75-5.496 22.62 1c6 6.496 5.5 16.62-1 22.62l-26.12 23.87L504 313.7c2.875 2.496 5.5 4.996 7.875 7.742V127.1c-40.98-40.96-96.48-63.88-154.4-63.88L348.8 64zM334.6 217.4l-30 27.49c-29.75 27.11-75.25 24.49-101.8-4.371C176 211.2 178.1 165.7 207.3 138.9L289.1 64H282.5C224.7 64 169.1 87.08 128.2 127.9L128 351.8l18.25 .0369l90.5 81.82c27.5 22.37 67.75 18.12 90-9.246l18.12 15.24c15.88 12.1 39.38 10.5 52.38-5.371l31.38-38.6l5.374 4.498c13.75 11 33.88 9.002 45-4.748l9.538-11.78c11.12-13.75 9.036-33.78-4.694-44.93L334.6 217.4zM544 128.4v223.6c0 17.62 14.25 32.05 31.1 32.05L640 384V128.1L544 128.4zM592 352c-8.75 0-16-7.246-16-15.99c0-8.875 7.25-15.99 16-15.99S608 327.2 608 336.1C608 344.8 600.8 352 592 352z\"><\/path><\/svg><\/div><div class=\"uagb-ifb-title-wrap\"><h3 class=\"uagb-ifb-title\">Empla\u00e7ament directe al demandat<\/h3><\/div><\/div><\/div>\n<\/div>\n\n\n\n<div class=\"wp-block-uagb-container uagb-block-cd89b3f0\">\n<div class=\"wp-block-uagb-info-box uagb-block-0a8c1c15 uagb-infobox__content-wrap  uagb-infobox-icon-above-title uagb-infobox-image-valign-top\"><div class=\"uagb-ifb-content\"><div class=\"uagb-ifb-icon-wrap\"><svg xmlns=\"https:\/\/www.w3.org\/2000\/svg\" viewbox=\"0 0 512 512\"><path d=\"M256 512C114.6 512 0 397.4 0 256C0 114.6 114.6 0 256 0C397.4 0 512 114.6 512 256C512 397.4 397.4 512 256 512zM232 256C232 264 236 271.5 242.7 275.1L338.7 339.1C349.7 347.3 364.6 344.3 371.1 333.3C379.3 322.3 376.3 307.4 365.3 300L280 243.2V120C280 106.7 269.3 96 255.1 96C242.7 96 231.1 106.7 231.1 120L232 256z\"><\/path><\/svg><\/div><div class=\"uagb-ifb-title-wrap\"><h3 class=\"uagb-ifb-title\">Control de terminis<\/h3><\/div><\/div><\/div>\n<\/div>\n\n\n\n<div class=\"wp-block-uagb-container uagb-block-2d3d1e62\">\n<div class=\"wp-block-uagb-info-box uagb-block-d2f18689 uagb-infobox__content-wrap  uagb-infobox-icon-above-title uagb-infobox-image-valign-top\"><div class=\"uagb-ifb-content\"><div class=\"uagb-ifb-icon-wrap\"><svg xmlns=\"https:\/\/www.w3.org\/2000\/svg\" viewbox=\"0 0 512 512\"><path d=\"M507.6 122.8c-2.904-12.09-18.25-16.13-27.04-7.338l-76.55 76.56l-83.1-.0002l0-83.1l76.55-76.56c8.791-8.789 4.75-24.14-7.336-27.04c-23.69-5.693-49.34-6.111-75.92 .2484c-61.45 14.7-109.4 66.9-119.2 129.3C189.8 160.8 192.3 186.7 200.1 210.1l-178.1 178.1c-28.12 28.12-28.12 73.69 0 101.8C35.16 504.1 53.56 512 71.1 512s36.84-7.031 50.91-21.09l178.1-178.1c23.46 7.736 49.31 10.24 76.17 6.004c62.41-9.84 114.6-57.8 129.3-119.2C513.7 172.1 513.3 146.5 507.6 122.8zM80 456c-13.25 0-24-10.75-24-24c0-13.26 10.75-24 24-24s24 10.74 24 24C104 445.3 93.25 456 80 456z\"><\/path><\/svg><\/div><div class=\"uagb-ifb-title-wrap\"><h3 class=\"uagb-ifb-title\">Gestions davant organismes p\u00fablics<\/h3><\/div><\/div><\/div>\n<\/div>\n<\/div>\n\n\n\n<div class=\"wp-block-uagb-container uagb-block-9969f310\">\n<div class=\"wp-block-uagb-advanced-heading uagb-block-47393fc2\"><h2 class=\"uagb-heading-text\">SERVEIS<\/h2><\/div>\n\n\n\n<p class=\"has-text-align-right has-ast-global-color-4-color has-text-color has-link-color wp-elements-33072f07c3757aa1a10cf8e2520d8d0a\">Represento els teus assumptes davant dels tribunals, gestiono els terminis i documents legals, i realitzo els tr\u00e0mits en registres i entitats p\u00fabliques amb total responsabilitat.<\/p>\n\n\n\n<div class=\"wp-block-buttons is-content-justification-right is-layout-flex wp-container-core-buttons-is-layout-d445cf74 wp-block-buttons-is-layout-flex\">\n<div class=\"wp-block-button\"><a class=\"wp-block-button__link wp-element-button\">Llegir m\u00e9s<\/a><\/div>\n<\/div>\n<\/div>\n<\/div><\/div>\n\n\n\n<div class=\"wp-block-uagb-container uagb-block-48aeb46e alignfull uagb-is-root-container\"><div class=\"uagb-container-inner-blocks-wrap\">\n<div class=\"wp-block-uagb-container uagb-block-f81688d7\">\n<div class=\"wp-block-uagb-image uagb-block-63f75c80 wp-block-uagb-image--layout-default wp-block-uagb-image--effect-static wp-block-uagb-image--align-none\"><figure class=\"wp-block-uagb-image__figure\"><img decoding=\"async\" srcset=\"https:\/\/www.ursulamasprocuradora.com\/wp-content\/uploads\/2025\/06\/ursula-upgraded-scaled-1-1024x768.png ,https:\/\/www.ursulamasprocuradora.com\/wp-content\/uploads\/2025\/06\/ursula-upgraded-scaled-1.png 780w, https:\/\/www.ursulamasprocuradora.com\/wp-content\/uploads\/2025\/06\/ursula-upgraded-scaled-1.png 360w\" sizes=\"auto, (max-width: 480px) 150px\" src=\"https:\/\/www.ursulamasprocuradora.com\/wp-content\/uploads\/2025\/06\/ursula-upgraded-scaled-1-1024x768.png\" alt=\"\" class=\"uag-image-35\" width=\"500\" height=\"350\" title=\"ursula upgraded\" loading=\"lazy\" role=\"img\"\/><\/figure><\/div>\n<\/div>\n\n\n\n<div class=\"wp-block-uagb-container uagb-block-db16d87a\">\n<div class=\"wp-block-uagb-advanced-heading uagb-block-3bd47c82\"><h2 class=\"uagb-heading-text\">CONTACTE<\/h2><\/div>\n\n\n\n<p>Si necessiteu representaci\u00f3 processal a la ciutat de Lleida o voleu fer qualsevol consulta relacionada amb la gesti\u00f3 de procediments judicials, estar\u00e9 encantada d'ajudar-vos. Amb una atenci\u00f3 propera, professional i personalitzada, m'encarrego de vetllar pel correcte desenvolupament de cada tr\u00e0mit des de l'inici fins a la finalitzaci\u00f3 del proc\u00e9s.<\/p>\n\n\n\n<div class=\"wp-block-buttons is-content-justification-center is-layout-flex wp-container-core-buttons-is-layout-a89b3969 wp-block-buttons-is-layout-flex\">\n<div class=\"wp-block-button\"><a class=\"wp-block-button__link wp-element-button\">Contacta<\/a><\/div>\n<\/div>\n<\/div>\n<\/div><\/div>","protected":false},"excerpt":{"rendered":"<p>\u00daRSULA MAS MONTOY PROCURADORA DE LOS TRIBUNALES DE LLEIDA Procuradora de los Tribunales en Lleida, donde ejerzo desde el a\u00f1o [&hellip;]<\/p>","protected":false},"author":1,"featured_media":0,"parent":0,"menu_order":0,"comment_status":"closed","ping_status":"open","template":"","meta":{"_uag_custom_page_level_css":"","site-sidebar-layout":"default","site-content-layout":"","ast-site-content-layout":"","site-content-style":"default","site-sidebar-style":"default","ast-global-header-display":"","ast-banner-title-visibility":"","ast-main-header-display":"","ast-hfb-above-header-display":"","ast-hfb-below-header-display":"","ast-hfb-mobile-header-display":"","site-post-title":"disabled","ast-breadcrumbs-content":"","ast-featured-img":"","footer-sml-layout":"","theme-transparent-header-meta":"enabled","adv-header-id-meta":"","stick-header-meta":"","header-above-stick-meta":"","header-main-stick-meta":"","header-below-stick-meta":"","astra-migrate-meta-layouts":"default","ast-page-background-enabled":"default","ast-page-background-meta":{"desktop":{"background-color":"var(--ast-global-color-5)","background-image":"","background-repeat":"repeat","background-position":"center center","background-size":"auto","background-attachment":"scroll","background-type":"","background-media":"","overlay-type":"","overlay-color":"","overlay-opacity":"","overlay-gradient":""},"tablet":{"background-color":"","background-image":"","background-repeat":"repeat","background-position":"center center","background-size":"auto","background-attachment":"scroll","background-type":"","background-media":"","overlay-type":"","overlay-color":"","overlay-opacity":"","overlay-gradient":""},"mobile":{"background-color":"","background-image":"","background-repeat":"repeat","background-position":"center center","background-size":"auto","background-attachment":"scroll","background-type":"","background-media":"","overlay-type":"","overlay-color":"","overlay-opacity":"","overlay-gradient":""}},"ast-content-background-meta":{"desktop":{"background-color":"var(--ast-global-color-4)","background-image":"","background-repeat":"repeat","background-position":"center center","background-size":"auto","background-attachment":"scroll","background-type":"","background-media":"","overlay-type":"","overlay-color":"","overlay-opacity":"","overlay-gradient":""},"tablet":{"background-color":"var(--ast-global-color-4)","background-image":"","background-repeat":"repeat","background-position":"center center","background-size":"auto","background-attachment":"scroll","background-type":"","background-media":"","overlay-type":"","overlay-color":"","overlay-opacity":"","overlay-gradient":""},"mobile":{"background-color":"var(--ast-global-color-4)","background-image":"","background-repeat":"repeat","background-position":"center center","background-size":"auto","background-attachment":"scroll","background-type":"","background-media":"","overlay-type":"","overlay-color":"","overlay-opacity":"","overlay-gradient":""}},"footnotes":""},"class_list":["post-8","page","type-page","status-publish","hentry"],"uagb_featured_image_src":{"full":false,"thumbnail":false,"medium":false,"medium_large":false,"large":false,"1536x1536":false,"2048x2048":false,"trp-custom-language-flag":false},"uagb_author_info":{"display_name":"infounio","author_link":"https:\/\/www.ursulamasprocuradora.com\/ca\/author\/infounio\/"},"uagb_comment_info":0,"uagb_excerpt":"\u00daRSULA MAS MONTOY PROCURADORA DE LOS TRIBUNALES DE LLEIDA Procuradora de los Tribunales en Lleida, donde ejerzo desde el a\u00f1o [&hellip;]","_links":{"self":[{"href":"https:\/\/www.ursulamasprocuradora.com\/ca\/wp-json\/wp\/v2\/pages\/8","targetHints":{"allow":["GET"]}}],"collection":[{"href":"https:\/\/www.ursulamasprocuradora.com\/ca\/wp-json\/wp\/v2\/pages"}],"about":[{"href":"https:\/\/www.ursulamasprocuradora.com\/ca\/wp-json\/wp\/v2\/types\/page"}],"author":[{"embeddable":true,"href":"https:\/\/www.ursulamasprocuradora.com\/ca\/wp-json\/wp\/v2\/users\/1"}],"replies":[{"embeddable":true,"href":"https:\/\/www.ursulamasprocuradora.com\/ca\/wp-json\/wp\/v2\/comments?post=8"}],"version-history":[{"count":2,"href":"https:\/\/www.ursulamasprocuradora.com\/ca\/wp-json\/wp\/v2\/pages\/8\/revisions"}],"predecessor-version":[{"id":73,"href":"https:\/\/www.ursulamasprocuradora.com\/ca\/wp-json\/wp\/v2\/pages\/8\/revisions\/73"}],"wp:attachment":[{"href":"https:\/\/www.ursulamasprocuradora.com\/ca\/wp-json\/wp\/v2\/media?parent=8"}],"curies":[{"name":"wp","href":"https:\/\/api.w.org\/{rel}","templated":true}]}}