{"id":85,"date":"2025-07-15T09:10:00","date_gmt":"2025-07-15T09:10:00","guid":{"rendered":"https:\/\/www.ursulamasprocuradora.com\/?page_id=85"},"modified":"2025-07-16T08:44:47","modified_gmt":"2025-07-16T08:44:47","slug":"declaracio-daccesibilitat","status":"publish","type":"page","link":"https:\/\/www.ursulamasprocuradora.com\/ca\/declaracio-daccesibilitat\/","title":{"rendered":"Declaraci\u00f3 d'accesibilitat"},"content":{"rendered":"<h1 class=\"wp-block-heading\">Declaraci\u00f3 d'accesibilitat<\/h1>\n\n\n\n<p><strong>URSULA MAS PROCURADORA<\/strong> se ha comprometido a hacer accesible su sitio web, de conformidad con el Real Decreto 1112\/2018, de 7 de septiembre, sobre accesibilidad de los sitios web y aplicaciones para dispositivos m\u00f3viles del sector p\u00fablico.<\/p>\n\n\n\n<p>Esta declaraci\u00f3n de accesibilidad se aplica al sitio web: www.ursulamasprocuradora.com<\/p>\n\n\n\n<h2 class=\"wp-block-heading\">Situaci\u00f3n de cumplimiento<\/h2>\n\n\n\n<p>Este sitio web <strong>es parcialmente conforme<\/strong> con el Real Decreto 1112\/2018 debido a la falta de conformidad de los aspectos que se indican a continuaci\u00f3n.<\/p>\n\n\n\n<h2 class=\"wp-block-heading\">Contenido no accesible<\/h2>\n\n\n\n<p>El contenido que se recoge a continuaci\u00f3n no es accesible por lo siguiente:<\/p>\n\n\n\n<ul class=\"wp-block-list\">\n<li><strong>Falta de conformidad con el RD 1112\/2018:<\/strong>\n<ul class=\"wp-block-list\">\n<li>Puede haber elementos que no cumplen adecuadamente con el contraste de color.<\/li>\n\n\n\n<li>Algunas im\u00e1genes pueden no tener texto alternativo o tenerlo incorrecto.<\/li>\n\n\n\n<li>El enfoque con teclado puede no estar claramente visible en todos los elementos interactivos.<\/li>\n\n\n\n<li>Pueden existir formularios que no est\u00e9n correctamente etiquetados.<\/li>\n<\/ul>\n<\/li>\n\n\n\n<li><strong>Carga desproporcionada:<\/strong> No aplica.<\/li>\n\n\n\n<li><strong>Contenido no entra dentro del \u00e1mbito de la legislaci\u00f3n aplicable:<\/strong> Pueden existir archivos ofim\u00e1ticos (PDF u otros) publicados antes del 20 de septiembre de 2018 que no cumplan completamente con los requisitos de accesibilidad.<\/li>\n<\/ul>\n\n\n\n<h2 class=\"wp-block-heading\">Preparaci\u00f3n de la presente declaraci\u00f3n de accesibilidad<\/h2>\n\n\n\n<p>Esta declaraci\u00f3n fue preparada el <strong>16 de julio de 2025<\/strong>.<\/p>\n\n\n\n<p>El m\u00e9todo empleado para preparar la declaraci\u00f3n ha sido una autoevaluaci\u00f3n realizada por el propio personal del sitio web.<\/p>\n\n\n\n<h2 class=\"wp-block-heading\">Observaciones y datos de contacto<\/h2>\n\n\n\n<p>Si encuentra dificultades de acceso en el sitio web o desea comunicar alguna sugerencia de mejora en materia de accesibilidad, puede ponerse en contacto con nosotros a trav\u00e9s de:<\/p>\n\n\n\n<ul class=\"wp-block-list\">\n<li><strong>Correo electr\u00f3nico:<\/strong> <a href=\"mailto:jmfreije@generalestudis.com\">jmfreije@generalestudis.com<\/a><\/li>\n\n\n\n<li><strong>Tel\u00e9fono:<\/strong> 652 14 07 09<\/li>\n\n\n\n<li><strong>Formulario de contacto:<\/strong> <a href=\"https:\/\/www.ursulamasprocuradora.com\/ca\/contacto\/\">https:\/\/www.ursulamasprocuradora.com\/contacto\/<\/a><\/li>\n<\/ul>\n\n\n\n<p>Puede presentar:<\/p>\n\n\n\n<ul class=\"wp-block-list\">\n<li>Una <strong>queja<\/strong> relativa al cumplimiento de los requisitos del Real Decreto 1112\/2018.<\/li>\n\n\n\n<li>Una <strong>solicitud de informaci\u00f3n accesible<\/strong> relativa a:\n<ul class=\"wp-block-list\">\n<li>contenidos que est\u00e9n excluidos del \u00e1mbito de aplicaci\u00f3n del Real Decreto 1112\/2018,<\/li>\n\n\n\n<li>contenidos exentos por imponer una carga desproporcionada.<\/li>\n<\/ul>\n<\/li>\n<\/ul>\n\n\n\n<p>Las comunicaciones ser\u00e1n tratadas por <strong>URSULA MAS PROCURADORA<\/strong>.<\/p>","protected":false},"excerpt":{"rendered":"<p>Declaraci\u00f3n de accesibilidad URSULA MAS PROCURADORA se ha comprometido a hacer accesible su sitio web, de conformidad con el Real [&hellip;]<\/p>","protected":false},"author":1,"featured_media":0,"parent":0,"menu_order":0,"comment_status":"closed","ping_status":"closed","template":"","meta":{"_uag_custom_page_level_css":"","site-sidebar-layout":"default","site-content-layout":"","ast-site-content-layout":"default","site-content-style":"default","site-sidebar-style":"default","ast-global-header-display":"","ast-banner-title-visibility":"","ast-main-header-display":"","ast-hfb-above-header-display":"","ast-hfb-below-header-display":"","ast-hfb-mobile-header-display":"","site-post-title":"","ast-breadcrumbs-content":"","ast-featured-img":"","footer-sml-layout":"","theme-transparent-header-meta":"","adv-header-id-meta":"","stick-header-meta":"","header-above-stick-meta":"","header-main-stick-meta":"","header-below-stick-meta":"","astra-migrate-meta-layouts":"default","ast-page-background-enabled":"default","ast-page-background-meta":{"desktop":{"background-color":"var(--ast-global-color-5)","background-image":"","background-repeat":"repeat","background-position":"center center","background-size":"auto","background-attachment":"scroll","background-type":"","background-media":"","overlay-type":"","overlay-color":"","overlay-opacity":"","overlay-gradient":""},"tablet":{"background-color":"","background-image":"","background-repeat":"repeat","background-position":"center center","background-size":"auto","background-attachment":"scroll","background-type":"","background-media":"","overlay-type":"","overlay-color":"","overlay-opacity":"","overlay-gradient":""},"mobile":{"background-color":"","background-image":"","background-repeat":"repeat","background-position":"center center","background-size":"auto","background-attachment":"scroll","background-type":"","background-media":"","overlay-type":"","overlay-color":"","overlay-opacity":"","overlay-gradient":""}},"ast-content-background-meta":{"desktop":{"background-color":"var(--ast-global-color-4)","background-image":"","background-repeat":"repeat","background-position":"center center","background-size":"auto","background-attachment":"scroll","background-type":"","background-media":"","overlay-type":"","overlay-color":"","overlay-opacity":"","overlay-gradient":""},"tablet":{"background-color":"var(--ast-global-color-4)","background-image":"","background-repeat":"repeat","background-position":"center center","background-size":"auto","background-attachment":"scroll","background-type":"","background-media":"","overlay-type":"","overlay-color":"","overlay-opacity":"","overlay-gradient":""},"mobile":{"background-color":"var(--ast-global-color-4)","background-image":"","background-repeat":"repeat","background-position":"center center","background-size":"auto","background-attachment":"scroll","background-type":"","background-media":"","overlay-type":"","overlay-color":"","overlay-opacity":"","overlay-gradient":""}},"footnotes":""},"class_list":["post-85","page","type-page","status-publish","hentry"],"uagb_featured_image_src":{"full":false,"thumbnail":false,"medium":false,"medium_large":false,"large":false,"1536x1536":false,"2048x2048":false,"trp-custom-language-flag":false},"uagb_author_info":{"display_name":"infounio","author_link":"https:\/\/www.ursulamasprocuradora.com\/ca\/author\/infounio\/"},"uagb_comment_info":0,"uagb_excerpt":"Declaraci\u00f3n de accesibilidad URSULA MAS PROCURADORA se ha comprometido a hacer accesible su sitio web, de conformidad con el Real [&hellip;]","_links":{"self":[{"href":"https:\/\/www.ursulamasprocuradora.com\/ca\/wp-json\/wp\/v2\/pages\/85","targetHints":{"allow":["GET"]}}],"collection":[{"href":"https:\/\/www.ursulamasprocuradora.com\/ca\/wp-json\/wp\/v2\/pages"}],"about":[{"href":"https:\/\/www.ursulamasprocuradora.com\/ca\/wp-json\/wp\/v2\/types\/page"}],"author":[{"embeddable":true,"href":"https:\/\/www.ursulamasprocuradora.com\/ca\/wp-json\/wp\/v2\/users\/1"}],"replies":[{"embeddable":true,"href":"https:\/\/www.ursulamasprocuradora.com\/ca\/wp-json\/wp\/v2\/comments?post=85"}],"version-history":[{"count":3,"href":"https:\/\/www.ursulamasprocuradora.com\/ca\/wp-json\/wp\/v2\/pages\/85\/revisions"}],"predecessor-version":[{"id":106,"href":"https:\/\/www.ursulamasprocuradora.com\/ca\/wp-json\/wp\/v2\/pages\/85\/revisions\/106"}],"wp:attachment":[{"href":"https:\/\/www.ursulamasprocuradora.com\/ca\/wp-json\/wp\/v2\/media?parent=85"}],"curies":[{"name":"wp","href":"https:\/\/api.w.org\/{rel}","templated":true}]}}